{"id":488,"date":"2021-11-02T17:08:36","date_gmt":"2021-11-02T17:08:36","guid":{"rendered":"https:\/\/fichia.com\/?page_id=488"},"modified":"2021-11-02T17:41:53","modified_gmt":"2021-11-02T17:41:53","slug":"cookie-policy","status":"publish","type":"page","link":"https:\/\/fichia.com\/en\/cookie-policy\/","title":{"rendered":"Cookie Policy"},"content":{"rendered":"<p class=\"wp-block-paragraph\"><strong>Informativa sui cookies<\/strong><\/p>\n\n\n\n<p class=\"wp-block-paragraph\">Il Sito <strong>Fich\u00eda di Fenu Fabrizio<\/strong> utilizza \u201cCookies\u201d, cio\u00e8 file di testo inviati al browser del cliente e memorizzati da questo che consentono di identificare il pc del visitatore e di migliorare la navigazione all\u2019interno del nostro sito.<\/p>\n\n\n\n<p class=\"wp-block-paragraph\">I cookies non raccolgono informazioni che possono far risalire all\u2019identit\u00e0 dell\u2019utente. <strong>Fich\u00eda di Fenu Fabrizio <\/strong>in nessun modo risale tramite i cookies ad informazioni personali del navigatore, se non fornite direttamente da esso.<\/p>\n\n\n\n<p class=\"wp-block-paragraph\"><strong>Che cosa sono i cookies?<\/strong><\/p>\n\n\n\n<p class=\"wp-block-paragraph\">I cookies sono piccole stringhe di testo scambiate tra un sito web e il browser di navigazione dell\u2019utente, ogni volta che si accede ad un sito Internet. Sono utilizzati per eseguire autenticazioni automatiche, tenere traccia delle sessioni, memorizzare informazioni per migliorare la navigabilit\u00e0 del sito o l\u2019esperienza di navigazione dell\u2019utente. Ogni dominio visitato attraverso un browser pu\u00f2 impostare uno o pi\u00f9 cookies. Una pagina Internet pu\u00f2 contenere oggetti che provengono da molti domini diversi e ognuno di essi pu\u00f2 impostare dei cookies (in questo caso denominati \u201cdi terze parti\u201d).&nbsp;<strong>L\u2019utilizzo dei cookies consente di migliorare l\u2019esperienza di navigazione nel sito Web<\/strong>&nbsp;e pu\u00f2 mantenere le impostazioni scelte durante la Sua visita successiva.<br>Esistono due tipi di cookies:<\/p>\n\n\n\n<ul class=\"wp-block-list\"><li>cookies di&nbsp;<strong>prima parte<\/strong>&nbsp;(o proprietari): soggetti e leggibili dal solo dominio che li ha creati;<\/li><li>cookies di&nbsp;<strong>terze parti<\/strong>: soggetti e creati da domini esterni a quello che stiamo visitando.<\/li><\/ul>\n\n\n\n<p class=\"wp-block-paragraph\"><strong>Cookies utilizzati in questo sito web<\/strong><\/p>\n\n\n\n<p class=\"wp-block-paragraph\"><strong>Navigazione<\/strong><\/p>\n\n\n\n<p class=\"wp-block-paragraph\">Questi cookies sono&nbsp;<strong>necessari<\/strong>&nbsp;per un corretto funzionamento del sito (per esempio per ricordare lo stato dei bottoni, il fatto che i pannelli siano aperti o chiusi, ecc.). La maggior parte di questi cookies hanno una durata di sessione, cio\u00e8&nbsp;<strong>saranno immediatamente cancellati una volta terminata la visita al sito<\/strong>.<\/p>\n\n\n\n<p class=\"wp-block-paragraph\"><strong>Funzionali<\/strong><\/p>\n\n\n\n<p class=\"wp-block-paragraph\">Questi cookies permettono il funzionamento di alcune parti del sito.<br>In questo sito, le loro finalit\u00e0 riguardano il tracciamento dell\u2019<strong>avvenuta lettura del testo del banner relativo all\u2019informativa cookies<\/strong>.<br>Questi cookies vengono memorizzati all\u2019interno del browser; \u00e8 possibile cancellarli o disabilitarne la ricezione, compromettendo per\u00f2 le funzionalit\u00e0 di alcuni servizi del sito web.<br>L\u2019utente pu\u00f2&nbsp;<strong>modificare l\u2019impostazione di ricezione del cookie<\/strong>&nbsp;modificando le impostazioni di memorizzazione dello stesso come descritto nella sezione&nbsp;<strong>\u201c<\/strong><strong>Come si disabilitano i cookies\u201d<\/strong>&nbsp;di questa informativa.<\/p>\n\n\n\n<p class=\"wp-block-paragraph\"><strong>Cookies di terze parti<\/strong><\/p>\n\n\n\n<p class=\"wp-block-paragraph\"><strong>Google Analytics<\/strong><\/p>\n\n\n\n<p class=\"wp-block-paragraph\">Google Analytics \u00e8 uno strumento gratuito di analisi web di Google che principalmente consente di raccogliere informazioni (come ad esempio, dati relativi alle pagine visitate, al tempo trascorso sul sito, al modo in cui il sito \u00e8 stato raggiunto e a tutto quello che l\u2019utente ha cliccato mentre navigava fra le nostre pagine) in&nbsp;<strong>forma anonima<\/strong>&nbsp;e segnalare le tendenze dei siti web&nbsp;<strong>senza identificare i singoli visitatori<\/strong>.<br>Pu\u00f2 visionare le direttive sulla privacy di Google al seguente link:&nbsp;<a href=\"http:\/\/www.google.it\/intl\/it\/policies\/privacy\/\" target=\"_blank\" rel=\"noreferrer noopener\">Google Privacy Policy<\/a>.<br>L\u2019utente pu\u00f2 modificare l\u2019impostazione di ricezione del cookie modificando le impostazioni di memorizzazione dello stesso come descritto nella sezione&nbsp;<strong>\u201c<\/strong><strong>Come si disabilitano i cookies\u201d<\/strong>&nbsp;di questa informativa.<\/p>\n\n\n\n<p class=\"wp-block-paragraph\"><strong>Widgets<\/strong><\/p>\n\n\n\n<p class=\"wp-block-paragraph\">La informiamo che nel sito possono essere incorporati video presenti su YouTube. Questi video, quando visionati, impostano cookies di terze parti sul Suo computer o sul Suo dispositivo mobile, appartenenti al dominio di YouTube, per poter migliorare le funzionalit\u00e0 di riproduzione video e raccogliere informazioni in formato anonimo sui video visionati dall\u2019utente.<br>La finalit\u00e0 di questi cookies \u00e8 descritta nell\u2019informativa per la privacy di Google:&nbsp;<a href=\"http:\/\/www.google.it\/intl\/it\/policies\/privacy\/\" target=\"_blank\" rel=\"noreferrer noopener\">Google Privacy Policy<\/a>.&nbsp;&nbsp;<a href=\"https:\/\/policies.google.com\/privacy?hl=it&amp;gl=it\">https:\/\/policies.google.com\/privacy?hl=it&amp;gl=it<\/a><\/p>\n\n\n\n<p class=\"wp-block-paragraph\">La informiamo che nel sito possono essere incorporati Widget di terze parti, quali Facebook, Instagram,&nbsp; e altri.<br>Questi Widget&nbsp;<strong>potrebbero impostare cookies di terze parti<\/strong>&nbsp;sul Suo computer o sul Suo dispositivo mobile, per poter migliorare le funzionalit\u00e0.<br>La finalit\u00e0 di questi cookies \u00e8 descritta nell\u2019informativa per la privacy dei rispettivi proprietari:<\/p>\n\n\n\n<ul class=\"wp-block-list\"><li><a href=\"https:\/\/www.facebook.com\/help\/cookies\" target=\"_blank\" rel=\"noreferrer noopener\">Facebook<\/a>&nbsp;&nbsp;&nbsp;&nbsp;&nbsp;<a href=\"https:\/\/www.facebook.com\/policies\/cookies\/\">https:\/\/www.facebook.com\/policies\/cookies\/<\/a><\/li><li><a href=\"https:\/\/www.instagram.com\/legal\/cookies\/\" target=\"_blank\" rel=\"noreferrer noopener\">Instagram<\/a>&nbsp;&nbsp;&nbsp;&nbsp;&nbsp;<a href=\"https:\/\/help.instagram.com\/1896641480634370?ref=ig\">https:\/\/help.instagram.com\/1896641480634370?ref=ig<\/a><\/li><\/ul>\n\n\n\n<p class=\"wp-block-paragraph\"><strong>Come si disabilitano i cookies<\/strong><\/p>\n\n\n\n<p class=\"wp-block-paragraph\">La maggior parte dei browser (Internet Explorer, Firefox, Chrome, etc.) sono configurati per&nbsp;<strong>accettare i cookies<\/strong>. Tuttavia, tutti i browser permettono di controllare e disabilitare i cookies attraverso le impostazioni del browser.<br>Le ricordiamo per\u00f2 che&nbsp;<strong>disabilitare i cookies di navigazione pu\u00f2 causare il malfunzionamento del sito<\/strong>&nbsp;e\/o limitare il servizio da noi offerto.<br>Per le informazioni su come gestire e cancellare i cookies sul Suo tablet e\/o telefono cellulare, La invitiamo a consultare la sezione&nbsp;<strong>\u201c<\/strong><strong>Aiuto\u201d<\/strong>&nbsp;del browser da Lei utilizzato.<br>Per gestire i cookies di terze parti che utilizzano le informazioni dell\u2019utente per generare specifiche azioni, \u00e8 possibile gestire l\u2019utilizzo da parte di Google visitando la pagina Preferenze annunci (se si dispone di un account Google). In alternativa, \u00e8 possibile disattivare l\u2019uso dei cookies da parte di un fornitore di terze parti, come descritto precedentemente, disabilitando i cookies tramite le impostazioni del proprio browser.<\/p>","protected":false},"excerpt":{"rendered":"<p>Informativa sui cookies Il Sito Fich\u00eda di Fenu Fabrizio utilizza \u201cCookies\u201d, cio\u00e8 file di testo inviati al browser del cliente e memorizzati da questo che consentono di identificare il pc del visitatore e di migliorare la navigazione all\u2019interno del nostro sito. I cookies non raccolgono informazioni che possono far risalire all\u2019identit\u00e0 dell\u2019utente. Fich\u00eda di Fenu &hellip; <\/p>\n<div class=\"link-more text-center\"><a href=\"https:\/\/fichia.com\/en\/cookie-policy\/\" class=\"more-link py-2 px-4\">Read More<span class=\"screen-reader-text\"> &#8220;Cookie Policy&#8221;<\/span><\/a><\/div>","protected":false},"author":181359258,"featured_media":0,"parent":0,"menu_order":0,"comment_status":"closed","ping_status":"closed","template":"","meta":{"_coblocks_attr":"","_coblocks_dimensions":"","_coblocks_responsive_height":"","_coblocks_accordion_ie_support":"","_crdt_document":"","jetpack_post_was_ever_published":false,"footnotes":""},"class_list":["post-488","page","type-page","status-publish","hentry"],"yoast_head":"<!-- This site is optimized with the Yoast SEO plugin v27.1.1 - https:\/\/yoast.com\/product\/yoast-seo-wordpress\/ -->\n<title>Cookie Policy &#8902; Il Fico Nero di Chia<\/title>\n<meta name=\"robots\" content=\"index, follow, max-snippet:-1, max-image-preview:large, max-video-preview:-1\" \/>\n<link rel=\"canonical\" href=\"https:\/\/fichia.com\/en\/cookie-policy\/\" \/>\n<meta property=\"og:locale\" content=\"en_GB\" \/>\n<meta property=\"og:type\" content=\"article\" \/>\n<meta property=\"og:title\" content=\"Cookie Policy &#8902; Il Fico Nero di Chia\" \/>\n<meta property=\"og:description\" content=\"Informativa sui cookies Il Sito Fich\u00eda di Fenu Fabrizio utilizza \u201cCookies\u201d, cio\u00e8 file di testo inviati al browser del cliente e memorizzati da questo che consentono di identificare il pc del visitatore e di migliorare la navigazione all\u2019interno del nostro sito. I cookies non raccolgono informazioni che possono far risalire all\u2019identit\u00e0 dell\u2019utente. Fich\u00eda di Fenu &hellip; Read More &quot;Cookie Policy&quot;\" \/>\n<meta property=\"og:url\" content=\"https:\/\/fichia.com\/en\/cookie-policy\/\" \/>\n<meta property=\"og:site_name\" content=\"Il Fico Nero di Chia\" \/>\n<meta property=\"article:publisher\" content=\"https:\/\/www.facebook.com\/Fichiailficonerodichia\" \/>\n<meta property=\"article:modified_time\" content=\"2021-11-02T17:41:53+00:00\" \/>\n<meta property=\"og:image\" content=\"https:\/\/i0.wp.com\/fichia.com\/wp-content\/uploads\/2021\/10\/Fichialogoyoast-2.png?fit=251%2C291&ssl=1\" \/>\n\t<meta property=\"og:image:width\" content=\"251\" \/>\n\t<meta property=\"og:image:height\" content=\"291\" \/>\n\t<meta property=\"og:image:type\" content=\"image\/png\" \/>\n<meta name=\"twitter:card\" content=\"summary_large_image\" \/>\n<meta name=\"twitter:label1\" content=\"Estimated reading time\" \/>\n\t<meta name=\"twitter:data1\" content=\"4 minutes\" \/>\n<script type=\"application\/ld+json\" class=\"yoast-schema-graph\">{\"@context\":\"https:\/\/schema.org\",\"@graph\":[{\"@type\":\"WebPage\",\"@id\":\"https:\/\/fichia.com\/cookie-policy\/\",\"url\":\"https:\/\/fichia.com\/cookie-policy\/\",\"name\":\"Cookie Policy &#8902; Il Fico Nero di Chia\",\"isPartOf\":{\"@id\":\"https:\/\/fichia.com\/#website\"},\"datePublished\":\"2021-11-02T17:08:36+00:00\",\"dateModified\":\"2021-11-02T17:41:53+00:00\",\"breadcrumb\":{\"@id\":\"https:\/\/fichia.com\/cookie-policy\/#breadcrumb\"},\"inLanguage\":\"en-GB\",\"potentialAction\":[{\"@type\":\"ReadAction\",\"target\":[\"https:\/\/fichia.com\/cookie-policy\/\"]}]},{\"@type\":\"BreadcrumbList\",\"@id\":\"https:\/\/fichia.com\/cookie-policy\/#breadcrumb\",\"itemListElement\":[{\"@type\":\"ListItem\",\"position\":1,\"name\":\"Home\",\"item\":\"https:\/\/fichia.com\/\"},{\"@type\":\"ListItem\",\"position\":2,\"name\":\"Cookie Policy\"}]},{\"@type\":\"WebSite\",\"@id\":\"https:\/\/fichia.com\/#website\",\"url\":\"https:\/\/fichia.com\/\",\"name\":\"Il Fico Nero di Chia\",\"description\":\"Il Fico Nero di Chia\",\"publisher\":{\"@id\":\"https:\/\/fichia.com\/#organization\"},\"potentialAction\":[{\"@type\":\"SearchAction\",\"target\":{\"@type\":\"EntryPoint\",\"urlTemplate\":\"https:\/\/fichia.com\/?s={search_term_string}\"},\"query-input\":{\"@type\":\"PropertyValueSpecification\",\"valueRequired\":true,\"valueName\":\"search_term_string\"}}],\"inLanguage\":\"en-GB\"},{\"@type\":\"Organization\",\"@id\":\"https:\/\/fichia.com\/#organization\",\"name\":\"Fich\u00eda di Fabrizio Fenu\",\"url\":\"https:\/\/fichia.com\/\",\"logo\":{\"@type\":\"ImageObject\",\"inLanguage\":\"en-GB\",\"@id\":\"https:\/\/fichia.com\/#\/schema\/logo\/image\/\",\"url\":\"https:\/\/i1.wp.com\/fichia.com\/wp-content\/uploads\/2021\/10\/Fichialogoyoast-2.png?fit=251%2C291&ssl=1\",\"contentUrl\":\"https:\/\/i1.wp.com\/fichia.com\/wp-content\/uploads\/2021\/10\/Fichialogoyoast-2.png?fit=251%2C291&ssl=1\",\"width\":251,\"height\":291,\"caption\":\"Fich\u00eda di Fabrizio Fenu\"},\"image\":{\"@id\":\"https:\/\/fichia.com\/#\/schema\/logo\/image\/\"},\"sameAs\":[\"https:\/\/www.facebook.com\/Fichiailficonerodichia\",\"https:\/\/www.instagram.com\/fichiadomus\/\"]}]}<\/script>\n<!-- \/ Yoast SEO plugin. -->","yoast_head_json":{"title":"Cookie Policy &#8902; Il Fico Nero di Chia","robots":{"index":"index","follow":"follow","max-snippet":"max-snippet:-1","max-image-preview":"max-image-preview:large","max-video-preview":"max-video-preview:-1"},"canonical":"https:\/\/fichia.com\/en\/cookie-policy\/","og_locale":"en_GB","og_type":"article","og_title":"Cookie Policy &#8902; Il Fico Nero di Chia","og_description":"Informativa sui cookies Il Sito Fich\u00eda di Fenu Fabrizio utilizza \u201cCookies\u201d, cio\u00e8 file di testo inviati al browser del cliente e memorizzati da questo che consentono di identificare il pc del visitatore e di migliorare la navigazione all\u2019interno del nostro sito. I cookies non raccolgono informazioni che possono far risalire all\u2019identit\u00e0 dell\u2019utente. Fich\u00eda di Fenu &hellip; Read More \"Cookie Policy\"","og_url":"https:\/\/fichia.com\/en\/cookie-policy\/","og_site_name":"Il Fico Nero di Chia","article_publisher":"https:\/\/www.facebook.com\/Fichiailficonerodichia","article_modified_time":"2021-11-02T17:41:53+00:00","og_image":[{"width":251,"height":291,"url":"https:\/\/i0.wp.com\/fichia.com\/wp-content\/uploads\/2021\/10\/Fichialogoyoast-2.png?fit=251%2C291&ssl=1","type":"image\/png"}],"twitter_card":"summary_large_image","twitter_misc":{"Estimated reading time":"4 minutes"},"schema":{"@context":"https:\/\/schema.org","@graph":[{"@type":"WebPage","@id":"https:\/\/fichia.com\/cookie-policy\/","url":"https:\/\/fichia.com\/cookie-policy\/","name":"Cookie Policy &#8902; Il Fico Nero di Chia","isPartOf":{"@id":"https:\/\/fichia.com\/#website"},"datePublished":"2021-11-02T17:08:36+00:00","dateModified":"2021-11-02T17:41:53+00:00","breadcrumb":{"@id":"https:\/\/fichia.com\/cookie-policy\/#breadcrumb"},"inLanguage":"en-GB","potentialAction":[{"@type":"ReadAction","target":["https:\/\/fichia.com\/cookie-policy\/"]}]},{"@type":"BreadcrumbList","@id":"https:\/\/fichia.com\/cookie-policy\/#breadcrumb","itemListElement":[{"@type":"ListItem","position":1,"name":"Home","item":"https:\/\/fichia.com\/"},{"@type":"ListItem","position":2,"name":"Cookie Policy"}]},{"@type":"WebSite","@id":"https:\/\/fichia.com\/#website","url":"https:\/\/fichia.com\/","name":"Il Fico Nero di Chia","description":"Il Fico Nero di Chia","publisher":{"@id":"https:\/\/fichia.com\/#organization"},"potentialAction":[{"@type":"SearchAction","target":{"@type":"EntryPoint","urlTemplate":"https:\/\/fichia.com\/?s={search_term_string}"},"query-input":{"@type":"PropertyValueSpecification","valueRequired":true,"valueName":"search_term_string"}}],"inLanguage":"en-GB"},{"@type":"Organization","@id":"https:\/\/fichia.com\/#organization","name":"Fich\u00eda di Fabrizio Fenu","url":"https:\/\/fichia.com\/","logo":{"@type":"ImageObject","inLanguage":"en-GB","@id":"https:\/\/fichia.com\/#\/schema\/logo\/image\/","url":"https:\/\/i1.wp.com\/fichia.com\/wp-content\/uploads\/2021\/10\/Fichialogoyoast-2.png?fit=251%2C291&ssl=1","contentUrl":"https:\/\/i1.wp.com\/fichia.com\/wp-content\/uploads\/2021\/10\/Fichialogoyoast-2.png?fit=251%2C291&ssl=1","width":251,"height":291,"caption":"Fich\u00eda di Fabrizio Fenu"},"image":{"@id":"https:\/\/fichia.com\/#\/schema\/logo\/image\/"},"sameAs":["https:\/\/www.facebook.com\/Fichiailficonerodichia","https:\/\/www.instagram.com\/fichiadomus\/"]}]}},"jetpack_likes_enabled":true,"jetpack_sharing_enabled":true,"jetpack_shortlink":"https:\/\/wp.me\/PciBKX-7S","amp_enabled":true,"_links":{"self":[{"href":"https:\/\/fichia.com\/en\/wp-json\/wp\/v2\/pages\/488","targetHints":{"allow":["GET"]}}],"collection":[{"href":"https:\/\/fichia.com\/en\/wp-json\/wp\/v2\/pages"}],"about":[{"href":"https:\/\/fichia.com\/en\/wp-json\/wp\/v2\/types\/page"}],"author":[{"embeddable":true,"href":"https:\/\/fichia.com\/en\/wp-json\/wp\/v2\/users\/181359258"}],"replies":[{"embeddable":true,"href":"https:\/\/fichia.com\/en\/wp-json\/wp\/v2\/comments?post=488"}],"version-history":[{"count":2,"href":"https:\/\/fichia.com\/en\/wp-json\/wp\/v2\/pages\/488\/revisions"}],"predecessor-version":[{"id":490,"href":"https:\/\/fichia.com\/en\/wp-json\/wp\/v2\/pages\/488\/revisions\/490"}],"wp:attachment":[{"href":"https:\/\/fichia.com\/en\/wp-json\/wp\/v2\/media?parent=488"}],"curies":[{"name":"wp","href":"https:\/\/api.w.org\/{rel}","templated":true}]}}